{"id":6491,"date":"2025-06-04T14:58:35","date_gmt":"2025-06-04T12:58:35","guid":{"rendered":"http:\/\/ccvl-france.net\/?page_id=6491"},"modified":"2025-10-10T15:20:30","modified_gmt":"2025-10-10T13:20:30","slug":"destination-tel-aviv-hotel-metropolitan-4-sup-celibataire-18-25-ans","status":"publish","type":"page","link":"http:\/\/ccvl-france.net\/?page_id=6491","title":{"rendered":"DESTINATION : TEL AVIV, H\u00f4tel Metropolitan 4* sup\u00a0(C\u00e9libataire 18 &#8211; 25 ans)"},"content":{"rendered":"\t\t<div data-elementor-type=\"wp-page\" data-elementor-id=\"6491\" class=\"elementor elementor-6491\">\n\t\t\t\t<div class=\"elementor-element elementor-element-05389d2 e-con-full e-flex e-con e-parent\" data-id=\"05389d2\" data-element_type=\"container\" data-e-type=\"container\" data-settings=\"{&quot;background_background&quot;:&quot;classic&quot;,&quot;shape_divider_bottom&quot;:&quot;mountains&quot;}\">\n\t\t\t\t<div class=\"elementor-shape elementor-shape-bottom\" aria-hidden=\"true\" data-negative=\"false\">\n\t\t\t<svg xmlns=\"http:\/\/www.w3.org\/2000\/svg\" viewBox=\"0 0 1000 100\" preserveAspectRatio=\"none\">\n\t<path class=\"elementor-shape-fill\" opacity=\"0.33\" d=\"M473,67.3c-203.9,88.3-263.1-34-320.3,0C66,119.1,0,59.7,0,59.7V0h1000v59.7 c0,0-62.1,26.1-94.9,29.3c-32.8,3.3-62.8-12.3-75.8-22.1C806,49.6,745.3,8.7,694.9,4.7S492.4,59,473,67.3z\"\/>\n\t<path class=\"elementor-shape-fill\" opacity=\"0.66\" d=\"M734,67.3c-45.5,0-77.2-23.2-129.1-39.1c-28.6-8.7-150.3-10.1-254,39.1 s-91.7-34.4-149.2,0C115.7,118.3,0,39.8,0,39.8V0h1000v36.5c0,0-28.2-18.5-92.1-18.5C810.2,18.1,775.7,67.3,734,67.3z\"\/>\n\t<path class=\"elementor-shape-fill\" d=\"M766.1,28.9c-200-57.5-266,65.5-395.1,19.5C242,1.8,242,5.4,184.8,20.6C128,35.8,132.3,44.9,89.9,52.5C28.6,63.7,0,0,0,0 h1000c0,0-9.9,40.9-83.6,48.1S829.6,47,766.1,28.9z\"\/>\n<\/svg>\t\t<\/div>\n\t\t<div class=\"elementor-element elementor-element-a601bc0 e-flex e-con-boxed e-con e-child\" data-id=\"a601bc0\" data-element_type=\"container\" data-e-type=\"container\">\n\t\t\t\t\t<div class=\"e-con-inner\">\n\t\t\r\n\t\t<div class=\"elementor-element elementor-element-dd5448f elementor-widget elementor-widget-tourmsectiontitle\" data-id=\"dd5448f\" data-element_type=\"widget\" data-e-type=\"widget\" data-widget_type=\"tourmsectiontitle.default\">\n\t\t\t\t<div class=\"elementor-widget-container\">\n\t\t\t\t\t\t\t<div class=\"title-area text-center \">\r\n\t\t\t<span class=\"sub-title \">Destination<\/span><h2 class=\"sec-title \">TEL AVIV, H\u00f4tel Metropolitan 4* sup<br>\nDu 7 au 21 ao\u00fbt<\/h2><p class=\"tour-text\">Nombre de si\u00e8ges (vols)  au tarif groupe en nombre limit\u00e9 (vol r\u00e9gulier El Al ) - Adultes &amp; Familles - 25 places - Cl\u00f4ture des inscriptions le 15  juillet 2025 (ou avant si le groupe est complet) <br><b>R\u00e9novation de l'h\u00f4tel en 2024: 6 \u00e9tages de chambres ont \u00e9t\u00e9 r\u00e9nov\u00e9s,  le lobby a \u00e9t\u00e9 r\u00e9 arrang\u00e9, comme le deck piscine (r\u00e9nov\u00e9)<\/b><\/p>\t\t<\/div>\r\n\r\n\t\t\t\t\t<\/div>\n\t\t\t\t<\/div>\n\t\t\t\t<div class=\"elementor-element elementor-element-877b42a elementor-widget elementor-widget-tourmbutton\" data-id=\"877b42a\" data-element_type=\"widget\" data-e-type=\"widget\" data-widget_type=\"tourmbutton.default\">\n\t\t\t\t<div class=\"elementor-widget-container\">\n\t\t\t\t\t<div class=\"btn-wrapper\"><a class=\"th-btn th_btn th-icon style3\" href=\"#programme\">Voir le programme<\/a><\/div>\t\t\t\t<\/div>\n\t\t\t\t<\/div>\n\t\t\t\t<div class=\"elementor-element elementor-element-992cf48 elementor-widget elementor-widget-image\" data-id=\"992cf48\" data-element_type=\"widget\" data-e-type=\"widget\" data-widget_type=\"image.default\">\n\t\t\t\t<div class=\"elementor-widget-container\">\n\t\t\t\t\t\t\t\t\t\t\t\t\t\t\t<img decoding=\"async\" width=\"430\" height=\"116\" src=\"http:\/\/ccvl-france.net\/wp-content\/uploads\/2025\/06\/isral.jpg\" class=\"attachment-full size-full wp-image-6498\" alt=\"\" srcset=\"http:\/\/ccvl-france.net\/wp-content\/uploads\/2025\/06\/isral.jpg 430w, http:\/\/ccvl-france.net\/wp-content\/uploads\/2025\/06\/isral-300x81.jpg 300w\" sizes=\"(max-width: 430px) 100vw, 430px\" \/>\t\t\t\t\t\t\t\t\t\t\t\t\t\t\t<\/div>\n\t\t\t\t<\/div>\n\t\t\t\t<div class=\"elementor-element elementor-element-e971368 elementor-widget elementor-widget-tourmsectiontitle\" data-id=\"e971368\" data-element_type=\"widget\" data-e-type=\"widget\" data-widget_type=\"tourmsectiontitle.default\">\n\t\t\t\t<div class=\"elementor-widget-container\">\n\t\t\t\t\t\t\t<div class=\"title-area text-center \">\r\n\t\t\t<p class=\"tour-text\">Vous connaissez d\u00e9j\u00e0 Isra\u00ebl\u2026Vous avez besoin d\u2019un s\u00e9jour reposant \u00e0 l\u00e9zarder,\n\u00e0 profiter du soleil, de la plage et des animations de la ville qui ne dort jamais\u2026.<br><br>\nNous vous proposons un s\u00e9jour libre et farniente \u00e0 Tel Aviv.\nNous vous proposerons ponctuellement des sorties, visites, ...mais vous \u00eates libre.<br><br>\n<b>Tel Aviv est une ville qui bouge et change en permanence; pour peu que vous soyez pr\u00eat \u00e0 \"l\u00e2cher\" la plage \u00e0 certains moments, nous essaierons de vous faire d\u00e9couvrir les nouveaut\u00e9s cach\u00e9es de cette ville class\u00e9e dans le Top 10 des villes plages , celui des cit\u00e9s les plus festives du monde et des villes les plus en vogue.<\/b> Tel Aviv, The \"Bubble\", la bulle qui ne dort jamais.<br><br>\n<b><u>Dates modulables:<\/u> nous disposons de vols charters \u00e0 d'autres dates.<\/b><\/p>\t\t<\/div>\r\n\r\n\t\t\t\t\t<\/div>\n\t\t\t\t<\/div>\n\t\t\t\t\t<\/div>\n\t\t\t\t<\/div>\n\t\t\t\t<\/div>\n\t\t\t\t<section class=\"elementor-section elementor-top-section elementor-element elementor-element-a85c237 elementor-section-full_width elementor-section-height-default elementor-section-height-default\" data-id=\"a85c237\" data-element_type=\"section\" data-e-type=\"section\" data-settings=\"{&quot;background_background&quot;:&quot;classic&quot;,&quot;shape_divider_bottom&quot;:&quot;clouds&quot;}\">\n\t\t\t\t\t\t\t<div class=\"elementor-background-overlay\"><\/div>\n\t\t\t\t\t\t<div class=\"elementor-shape elementor-shape-bottom\" aria-hidden=\"true\" data-negative=\"false\">\n\t\t\t<svg xmlns=\"http:\/\/www.w3.org\/2000\/svg\" viewBox=\"0 0 283.5 27.8\" preserveAspectRatio=\"xMidYMax slice\">\n  <path class=\"elementor-shape-fill\" d=\"M0 0v6.7c1.9-.8 4.7-1.4 8.5-1 9.5 1.1 11.1 6 11.1 6s2.1-.7 4.3-.2c2.1.5 2.8 2.6 2.8 2.6s.2-.5 1.4-.7c1.2-.2 1.7.2 1.7.2s0-2.1 1.9-2.8c1.9-.7 3.6.7 3.6.7s.7-2.9 3.1-4.1 4.7 0 4.7 0 1.2-.5 2.4 0 1.7 1.4 1.7 1.4h1.4c.7 0 1.2.7 1.2.7s.8-1.8 4-2.2c3.5-.4 5.3 2.4 6.2 4.4.4-.4 1-.7 1.8-.9 2.8-.7 4 .7 4 .7s1.7-5 11.1-6c9.5-1.1 12.3 3.9 12.3 3.9s1.2-4.8 5.7-5.7c4.5-.9 6.8 1.8 6.8 1.8s.6-.6 1.5-.9c.9-.2 1.9-.2 1.9-.2s5.2-6.4 12.6-3.3c7.3 3.1 4.7 9 4.7 9s1.9-.9 4 0 2.8 2.4 2.8 2.4 1.9-1.2 4.5-1.2 4.3 1.2 4.3 1.2.2-1 1.4-1.7 2.1-.7 2.1-.7-.5-3.1 2.1-5.5 5.7-1.4 5.7-1.4 1.5-2.3 4.2-1.1c2.7 1.2 1.7 5.2 1.7 5.2s.3-.1 1.3.5c.5.4.8.8.9 1.1.5-1.4 2.4-5.8 8.4-4 7.1 2.1 3.5 8.9 3.5 8.9s.8-.4 2 0 1.1 1.1 1.1 1.1 1.1-1.1 2.3-1.1 2.1.5 2.1.5 1.9-3.6 6.2-1.2 1.9 6.4 1.9 6.4 2.6-2.4 7.4 0c3.4 1.7 3.9 4.9 3.9 4.9s3.3-6.9 10.4-7.9 11.5 2.6 11.5 2.6.8 0 1.2.2c.4.2.9.9.9.9s4.4-3.1 8.3.2c1.9 1.7 1.5 5 1.5 5s.3-1.1 1.6-1.4c1.3-.3 2.3.2 2.3.2s-.1-1.2.5-1.9 1.9-.9 1.9-.9-4.7-9.3 4.4-13.4c5.6-2.5 9.2.9 9.2.9s5-6.2 15.9-6.2 16.1 8.1 16.1 8.1.7-.2 1.6-.4V0H0z\"\/>\n<\/svg>\n\t\t<\/div>\n\t\t\t\t\t<div class=\"elementor-container elementor-column-gap-no\">\n\t\t\t\t\t<div class=\"elementor-column elementor-col-100 elementor-top-column elementor-element elementor-element-4660628\" data-id=\"4660628\" data-element_type=\"column\" data-e-type=\"column\">\n\t\t\t<div class=\"elementor-widget-wrap elementor-element-populated\">\n\t\t\t\t\t\t<div class=\"elementor-element elementor-element-9f3fbad elementor-widget elementor-widget-menu-anchor\" data-id=\"9f3fbad\" data-element_type=\"widget\" data-e-type=\"widget\" data-widget_type=\"menu-anchor.default\">\n\t\t\t\t<div class=\"elementor-widget-container\">\n\t\t\t\t\t\t\t<div class=\"elementor-menu-anchor\" id=\"programme\"><\/div>\n\t\t\t\t\t\t<\/div>\n\t\t\t\t<\/div>\n\t\t\t\t<div class=\"elementor-element elementor-element-daaede3 elementor-widget__width-initial elementor-widget-mobile__width-inherit elementor-widget-tablet__width-inherit elementor-widget elementor-widget-tourmsectiontitle\" data-id=\"daaede3\" data-element_type=\"widget\" data-e-type=\"widget\" data-widget_type=\"tourmsectiontitle.default\">\n\t\t\t\t<div class=\"elementor-widget-container\">\n\t\t\t\t\t\t\t<div class=\"title-area text-center \">\r\n\t\t\t<span class=\"sub-title \">Voyage organis\u00e9<\/span><h2 class=\"sec-title \">Programme d\u00e9taill\u00e9<\/h2>\t\t<\/div>\r\n\r\n\t\t\t\t\t<\/div>\n\t\t\t\t<\/div>\n\t\t\t\t<div class=\"elementor-element elementor-element-52fa817 elementor-widget elementor-widget-text-editor\" data-id=\"52fa817\" data-element_type=\"widget\" data-e-type=\"widget\" data-widget_type=\"text-editor.default\">\n\t\t\t\t<div class=\"elementor-widget-container\">\n\t\t\t\t\t\t\t\t\t<p style=\"color: white;\"><strong><u>Jeudi 7 ao\u00fbt: D\u00e9part de Paris<\/u><\/strong><\/p>\n<p style=\"color: white;\">Vol ElAl d\u00e9collage de Roissy CDG \u00e0 11h10 arriv\u00e9e Tel Aviv a 16h35 heure locale, assistance \u00e0 l&#8217;a\u00e9roport et transfert \u00e0 votre h\u00f4tel,le Metropolitan, 4* sup..<\/p>\n<p style=\"color: white;\"><b>Votre h\u00f4tel, le METROPOLITAN, 4* sup<\/b>\nRestaurant et piscine r\u00e9nov\u00e9s\n<b>VOTRE H\u00d4TEL, LE METROPOLITAN, 4*<\/b>\nId\u00e9alement situ\u00e9 proche des plages les plus pris\u00e9es, telle que Bograshov, \u00e0 quelques m\u00e8tres de la Tayelet, l&#8217;h\u00f4tel, dont les parties communes et la plupart des chambres ont \u00e9t\u00e9 r\u00e9cemment r\u00e9nov\u00e9es, vous permettra d&#8217;\u00eatre en dix minutes \u00e0 pieds au Dizengof Center ou au Souk Hacarmel.<\/p>\n<p style=\"color: white;\">Le Metropolitan est un h\u00f4tel de qualit\u00e9, avec lequel nous travaillons tout au long de l&#8217;ann\u00e9e, probablement un des meilleurs 4* de Tel Aviv, r\u00e9put\u00e9 pour la chaleur de son accueil et la qualit\u00e9 de son service.<\/p>\n<p style=\"color: white;\"><strong>La plage est \u00e0 3 minutes<\/strong>, au bout de la rue, tout comme la rue Ben Yehouda o\u00f9 vos trouverez les lignes de bus qui vous am\u00e8neront aux quatre coins de la ville (notamment au Shouk Hacarmel ou au Dizengof center), ainsi qu&#8217;une station de taxis.<\/p>\n<p style=\"color: white;\"><strong>Choisissez parmi les diff\u00e9rents types de chambres :<\/strong>\n<strong>Chambres &#8220;comfort&#8221;:<\/strong> chambres standard basiques non r\u00e9nov\u00e9es (elles ont un certain \u00e7age, 19m2)\n<strong>Chambres &#8220;comfort r\u00e9nov\u00e9es (2023-2024)&#8221;<\/strong> &#8211; 2 personnes maximum<\/p>\n<p style=\"color: white;\"><strong>Chambres sup\u00e9rieures &#8220;anciennes&#8221;<\/strong>, 22-23 m2, max 3 personnes (ces chambres ont &#8220;souffert&#8221; de l&#8217;accueil des r\u00e9fugi\u00e9s pendant 14 mois et pourraient ne pas correspondre \u00e0 vos attentes)\n<strong>Chambres &#8220;sup\u00e9rieures r\u00e9nov\u00e9es (2023-2024)&#8221;<\/strong> &#8211; max 3 personnes\n<strong>Chambre Executive :<\/strong> 2 personnes adultes seulement,13e etage: +250\u20ac \/chambre pour 14 jours par rapport au tarif chambre sup\u00e9rieure non r\u00e9nov\u00e9e\nChaque \u00e9tage dispose d&#8217;un mamad (chambre prot\u00e9g\u00e9e).<\/p>\n<p style=\"color: white;\"><a href=\"https:\/\/www.metropolitanhoteltlv.com\/rooms-and-suites\">Voir les diff\u00e9rents types de chambres sur le site de l&#8217;h\u00f4tel<\/a><\/p>\n<b><p style=\"color:white\">Tous nos prix comprennent le transfert aller-retour Aeroport-hotel-aeroport uniquement aux dates du groupe 7 et 21 ao\u00fbt si vous voyagez sur notre vol.<\/b>\n<p style=\"color: white;\"><b>La formule est en nuit et petit d\u00e9jeuner,<\/b> avec possibilit\u00e9 de demi pension &#8211; ou simplement des repas de shabbat ou de semaine.\nL&#8217;h\u00f4tel est \u00e9quip\u00e9 d&#8217;ascenseurs de shabbat, cl\u00e9s m\u00e9caniques et propose un service de pressing.\nIl dispose d&#8217;un lobby-bar, d&#8217;un restaurant, d&#8217;un restaurant ext\u00e9rieur couvert<\/p>\n<p style=\"color: white;\"><b>Pour votre confort : piscine ext\u00e9rieure avec espace repos, salle de sports, sauna, synagogue, business center, wifi.(voir des photos de l&#8217;h\u00f4tel en bas de page).<\/b><\/p>\n<p style=\"color: white;\">Toutes les chambres sont climatis\u00e9es et comprennent t\u00e9l\u00e9phone, t\u00e9l\u00e9vision c\u00e2bl\u00e9e, Wifi gratuit, un coffre, un s\u00e8che cheveux, mini bar; elles sont \u00e9quip\u00e9es de double vitrage pour votre confort. <a href=\"https:\/\/www.hotelmetropolitan.co.il\/?french=hotel-metropolitan\">Voir le site de l&#8217;h\u00f4tel<\/a> <a href=\"https:\/\/maps.google.fr\/maps?safe=off&amp;client=firefox-a&amp;ie=UTF-8&amp;q=metropolitan+Tel+Aviv+synagog&amp;fb=1&amp;gl=fr&amp;hq=metropolitan+Tel+Aviv+synagog&amp;cid=0,0,7770913313364698916&amp;ei=MM9yUYuGA9OBhQfmzoAw&amp;ved=0CNYBEPwSMAQ\">Situer l&#8217;h\u00f4tel sur un plan<\/a><\/p>\n<p style=\"color: white;\"><b>Nous vous proposerons pendant votre s\u00e9jour plusieurs visites optionnelles<\/b> avec participation : le sud- la mer morte, journ\u00e9e d\u00e9tente \/\/ le nord \/\/ J\u00e9rusalem\/\/ visite m\u00e9morielle a Nova, lieu du festival qui se tenait le 7 octobre et, sous r\u00e9serve, Kibboutz Beeri ou Kibboutz Nir oz.o\u00f9 ont eu lieu les massacres du 7 octobre 2023.<\/p>\n<p style=\"color: white;\"><b>Jeudi 21 ao\u00fbt: en milieude matin\u00e9e, votre bus vous ram\u00e8nera \u00e0 l&#8217;a\u00e9roport Ben Gourion pour votre retour \u00e0 Paris; d\u00e9collage 13h45, arriv\u00e9e Paris-CDG 17h45.<\/b><\/p>\t\t\t\t\t\t\t\t<\/div>\n\t\t\t\t<\/div>\n\t\t\t\t<div class=\"elementor-element elementor-element-074826b elementor-widget elementor-widget-tourmprice\" data-id=\"074826b\" data-element_type=\"widget\" data-e-type=\"widget\" data-widget_type=\"tourmprice.default\">\n\t\t\t\t<div class=\"elementor-widget-container\">\n\t\t\t\t\t<div class=\"row gy-4 justify-content-center\"><div class=\"col-xl-4 col-md-6\"><div class=\"price-card active\"><div class=\"offer-tag\">Popular<\/div><div class=\"price-card_wrapp\"><h3 class=\"box-title title-tag\">Chambre triple<\/h3><\/div><div class=\"price-card_content\"><h4 class=\"price-card_price price\">1 875\u20ac<\/h4><p class=\"price-card_text\">Chambre sup\u00e9rieure<\/p><\/div><\/div><\/div><div class=\"col-xl-4 col-md-6\"><div class=\"price-card active\"><div class=\"offer-tag\">Popular<\/div><div class=\"price-card_wrapp\"><h3 class=\"box-title title-tag\">Chambre triple<\/h3><\/div><div class=\"price-card_content\"><h4 class=\"price-card_price price\">1 985\u20ac<\/h4><p class=\"price-card_text\">Chambre sup\u00e9rieure r\u00e9nov\u00e9e<\/p><\/div><\/div><\/div><div class=\"col-xl-4 col-md-6\"><div class=\"price-card active\"><div class=\"offer-tag\">Popular<\/div><div class=\"price-card_wrapp\"><h3 class=\"box-title title-tag\">Chambre double<\/h3><\/div><div class=\"price-card_content\"><h4 class=\"price-card_price price\">1900\u20ac<\/h4><p class=\"price-card_text\">Chambre standard<\/p><\/div><\/div><\/div><div class=\"col-xl-4 col-md-6\"><div class=\"price-card active\"><div class=\"offer-tag\">Popular<\/div><div class=\"price-card_wrapp\"><h3 class=\"box-title title-tag\">Chambre double<\/h3><\/div><div class=\"price-card_content\"><h4 class=\"price-card_price price\">2 060\u20ac<\/h4><p class=\"price-card_text\">Chambre standard r\u00e9nov\u00e9e<\/p><\/div><\/div><\/div><div class=\"col-xl-4 col-md-6\"><div class=\"price-card active\"><div class=\"offer-tag\">Popular<\/div><div class=\"price-card_wrapp\"><h3 class=\"box-title title-tag\">Chambre double<\/h3><\/div><div class=\"price-card_content\"><h4 class=\"price-card_price price\">1 965\u20ac<\/h4><p class=\"price-card_text\">Chambre sup\u00e9rieure<\/p><\/div><\/div><\/div><div class=\"col-xl-4 col-md-6\"><div class=\"price-card active\"><div class=\"offer-tag\">Popular<\/div><div class=\"price-card_wrapp\"><h3 class=\"box-title title-tag\">Chambre double<\/h3><\/div><div class=\"price-card_content\"><h4 class=\"price-card_price price\">2 125\u20ac<\/h4><p class=\"price-card_text\">Chambre sup\u00e9rieure r\u00e9nov\u00e9e<\/p><\/div><\/div><\/div><div class=\"col-xl-4 col-md-6\"><div class=\"price-card active\"><div class=\"offer-tag\">Popular<\/div><div class=\"price-card_wrapp\"><h3 class=\"box-title title-tag\">Chambre single<\/h3><\/div><div class=\"price-card_content\"><h4 class=\"price-card_price price\">2 835\u20ac<\/h4><p class=\"price-card_text\">Chambre standard<\/p><\/div><\/div><\/div><div class=\"col-xl-4 col-md-6\"><div class=\"price-card active\"><div class=\"offer-tag\">Popular<\/div><div class=\"price-card_wrapp\"><h3 class=\"box-title title-tag\">Chambre single<\/h3><\/div><div class=\"price-card_content\"><h4 class=\"price-card_price price\">3 025\u20ac<\/h4><p class=\"price-card_text\">Chambre standard r\u00e9nov\u00e9e<\/p><\/div><\/div><\/div><div class=\"col-xl-4 col-md-6\"><div class=\"price-card active\"><div class=\"offer-tag\">Popular<\/div><div class=\"price-card_wrapp\"><h3 class=\"box-title title-tag\">Chambre single<\/h3><\/div><div class=\"price-card_content\"><h4 class=\"price-card_price price\">2 935\u20ac<\/h4><p class=\"price-card_text\">Chambre sup\u00e9rieure<\/p><\/div><\/div><\/div><div class=\"col-xl-4 col-md-6\"><div class=\"price-card active\"><div class=\"offer-tag\">Popular<\/div><div class=\"price-card_wrapp\"><h3 class=\"box-title title-tag\">Chambre single<\/h3><\/div><div class=\"price-card_content\"><h4 class=\"price-card_price price\">3 260\u20ac<\/h4><p class=\"price-card_text\">Chambre sup\u00e9rieure r\u00e9nov\u00e9e<\/p><\/div><\/div><\/div><\/div>\t\t\t\t<\/div>\n\t\t\t\t<\/div>\n\t\t\t\t<div class=\"elementor-element elementor-element-86d93f5 elementor-widget elementor-widget-text-editor\" data-id=\"86d93f5\" data-element_type=\"widget\" data-e-type=\"widget\" data-widget_type=\"text-editor.default\">\n\t\t\t\t<div class=\"elementor-widget-container\">\n\t\t\t\t\t\t\t\t\t<p style=\"color: white;\"><b>R\u00e8glement en 3x\u20ac\/4x\u20ac en ligne par CB avec Cofidis<\/b> &#8211; Date limite de mise en place : 1 juillet, limite 2000 \u20ac par compte\/carte bancaire, frais administratifs 3,9 % du montant \u00e0 financer.<\/p>\n<p style=\"color: white;\"><b>RESTAURATION &#8211; Le programme inclut les petits d\u00e9jeuners<\/b><\/p>\n<p style=\"color: white;\">Option demi pension durant tout le s\u00e9jour:\n14 d\u00eeners (7-21 ao\u00fbt) y compris repas du vendredi soir: 325 \u20ac (adulte,enfant soit \u00e0 peu pr\u00e8s 23 \u20ac par repas);\n<b>les repas ne sont pas modifiables<\/b> ( par exemple changer un diner en dejeuner ou reporter sur un autre jour).<\/p>\n<p style=\"color: white;\"><b>Repas suppl\u00e9mentaire dans le cas de la demi pension (d\u00e9jeuner) :<\/b> adulte 28\u20ac \/ 19\u20ac enfant<\/p>\n<p style=\"color: white;\"><b>Repas ponctuel<\/b> hors demi pension ( y compris vendredi soir ou d\u00e9jeuner ): 46 \u20ac adulte &#8211; 30 \u20ac enfant \/repas\nQu&#8217;il s&#8217;agisse de repas ponctels ou en complement de la demi -pension, <b>les repas sont \u00e0 commander une semaine \u00e0 l&#8217;avance.<\/b><\/p>\n\t\t\t\t\t\t\t\t<\/div>\n\t\t\t\t<\/div>\n\t\t\t\t<div class=\"elementor-element elementor-element-9d617eb elementor-widget elementor-widget-text-editor\" data-id=\"9d617eb\" data-element_type=\"widget\" data-e-type=\"widget\" data-widget_type=\"text-editor.default\">\n\t\t\t\t<div class=\"elementor-widget-container\">\n\t\t\t\t\t\t\t\t\t<p style=\"color: white;\"><b>Les prix comprennent :<\/b> <br> &#8211; Le vol direct avec 23k de bagage enregistr\u00e9 et 10k bagage cabine <br> &#8211; L\u2019h\u00e9bergement \u00e0 l&#8217;h\u00f4tel Metropolitan <br> &#8211; Les petits d\u00e9jeuners <br> &#8211; Le transfert h\u00f4tel a\u00e9roport h\u00f4tel uniquement aux dates du groupe (8-22 aout)<\/p>\n<p style=\"color: white;\"><b>Les prix ne comprennent pas :<\/b> <br> &#8211; Les taxes d&#8217;a\u00e9roport 148 \u20ac (vol ElAl uniquement)<br> &#8211; Les frais de visas (environ 6\u20ac)<br> &#8211; Les d\u00e9penses d\u2019ordre personnel (t\u00e9l\u00e9phone, boissons, frais m\u00e9dicaux,\u2026)<br> &#8211; Les repas non mentionn\u00e9s<br> &#8211; Les excursions optionnelles \u00e9ventuelles<br> &#8211; Les \u00e9ventuels pourboires (guide \u2013 chauffeur)<br> &#8211; Les assurances selon tarif ci dessous,\nFormule A &#8211; Assistance \u2013 rapatriement: Isra\u00ebl: 40 \u20ac (double et triple) \/ Single 55 \u20ac\nFormule B &#8211; Annulation: Isra\u00ebl: 80 \u20ac (double et triple) 110 \u20ac (single)\nFormule C = A + B : Isra\u00ebl: 85 \u20ac (double et triple) 115 \u20ac (single)<\/p>\n<p style=\"color: white; font-size: 12px;\">Assurances carte bancaire (Visa, Mastercard) : contactez votre banque ( ou appelez le num\u00e9ro au dos de votre carte bancaire) pour v\u00e9rifier les garanties, et notamment les garanties covid : les montants d\u2019indemnisations sont g\u00e9n\u00e9ralement plafonn\u00e9s et de\nnombreuses situations peuvent \u00eatre exclues (comme le fait d&#8217;\u00eatre cas contact ou d&#8217;avoir de la temp\u00e9rature au moment de l&#8217;embarquement).<\/p>\n<p style=\"color: white; font-size: 12px;\">ETA-IL: depuis le d\u00e9but de l&#8217;ann\u00e9e, l&#8217;\u00e9tat d&#8217;Israel exige une demande d&#8217;entr\u00e9e (\u00e9quivaent d&#8217;un visa) pour les non r\u00e9sidents; d&#8217;un co\u00fbt modique (autour de 6 \u20ac, valable deux ans), nous vous indiquerons comment le r\u00e9aliser en ligne.<\/p>\t\t\t\t\t\t\t\t<\/div>\n\t\t\t\t<\/div>\n\t\t\t\t<div class=\"elementor-element elementor-element-9eb3524 elementor-widget elementor-widget-text-editor\" data-id=\"9eb3524\" data-element_type=\"widget\" data-e-type=\"widget\" data-widget_type=\"text-editor.default\">\n\t\t\t\t<div class=\"elementor-widget-container\">\n\t\t\t\t\t\t\t\t\t<p style=\"color: white; font-size: 13px;\"><u>Conditions particuli\u00e8res applicables :<\/u><br \/><br \/><b>Augmentation des prix :<\/b><br \/><strong>Apr\u00e8s le 1er juin<\/strong> + 50 \u20ac<br \/><strong>Apr\u00e8s le 20 juin<\/strong> (sous r\u00e9serve de places disponibles): +100 \u20ac<br \/><strong>Apr\u00e8s le 10 juillet <\/strong>: (sous r\u00e9serve de places disponibles) + 150 \u20ac<br \/>L&#8217;augmentation des prix correspond \u00e0 des tarifs pr\u00e9f\u00e9rentiels que nous consentent nos prestataires pour les confirmations avant les dates indiqu\u00e9es<br \/><strong>Les prix varient en temps r\u00e9el et sans pr\u00e9avis en fonction des prix des vols lorsque notre contingent de si\u00e8ges El Al sera \u00e9puis\u00e9.<\/strong><br \/><strong>Le solde de votre s\u00e9jour doit \u00eatre pay\u00e9 au plus tard le 28.06<\/strong><\/p>\t\t\t\t\t\t\t\t<\/div>\n\t\t\t\t<\/div>\n\t\t\t\t\t<\/div>\n\t\t<\/div>\n\t\t\t\t\t<\/div>\n\t\t<\/section>\n\t\t<div class=\"elementor-element elementor-element-b863a36 e-con-full e-flex e-con e-parent\" data-id=\"b863a36\" data-element_type=\"container\" data-e-type=\"container\" data-settings=\"{&quot;background_background&quot;:&quot;classic&quot;}\">\n\t\t<div class=\"elementor-element elementor-element-b91e7c7 e-flex e-con-boxed e-con e-child\" data-id=\"b91e7c7\" data-element_type=\"container\" data-e-type=\"container\">\n\t\t\t\t\t<div class=\"e-con-inner\">\n\t\t\t\t<div class=\"elementor-element elementor-element-de071db elementor-widget__width-initial elementor-widget-tablet__width-inherit animated-slow elementor-invisible elementor-widget elementor-widget-tourmsectiontitle\" data-id=\"de071db\" data-element_type=\"widget\" data-e-type=\"widget\" data-settings=\"{&quot;_animation&quot;:&quot;fadeInDown&quot;}\" data-widget_type=\"tourmsectiontitle.default\">\n\t\t\t\t<div class=\"elementor-widget-container\">\n\t\t\t\t\t\t\t<div class=\"title-area text-center \">\r\n\t\t\t<h2 class=\"sec-title \">Pr\u00eat \u00e0 nous rejoindre ?<\/h2><p class=\"tour-text\">N'h\u00e9sitez pas \u00e0 nous contacter.<\/p>\t\t<\/div>\r\n\r\n\t\t\t\t\t<\/div>\n\t\t\t\t<\/div>\n\t\t\t\t\t<\/div>\n\t\t\t\t<\/div>\n\t\t\t\t<\/div>\n\t\t\t\t<\/div>\n\t\t","protected":false},"excerpt":{"rendered":"<p>Destination TEL AVIV, H\u00f4tel Metropolitan 4* sup Du 7 au 21 ao\u00fbt Nombre de si\u00e8ges (vols) au tarif groupe en nombre limit\u00e9 (vol r\u00e9gulier El Al ) &#8211; Adultes &amp; Familles &#8211; 25 places &#8211; Cl\u00f4ture des inscriptions le 15 juillet 2025 (ou avant si le groupe est complet) R\u00e9novation de l&#8217;h\u00f4tel en 2024: 6&#8230;<\/p>\n","protected":false},"author":1,"featured_media":0,"parent":0,"menu_order":0,"comment_status":"closed","ping_status":"closed","template":"template-builder.php","meta":{"footnotes":""},"class_list":["post-6491","page","type-page","status-publish","hentry"],"_links":{"self":[{"href":"http:\/\/ccvl-france.net\/index.php?rest_route=\/wp\/v2\/pages\/6491","targetHints":{"allow":["GET"]}}],"collection":[{"href":"http:\/\/ccvl-france.net\/index.php?rest_route=\/wp\/v2\/pages"}],"about":[{"href":"http:\/\/ccvl-france.net\/index.php?rest_route=\/wp\/v2\/types\/page"}],"author":[{"embeddable":true,"href":"http:\/\/ccvl-france.net\/index.php?rest_route=\/wp\/v2\/users\/1"}],"replies":[{"embeddable":true,"href":"http:\/\/ccvl-france.net\/index.php?rest_route=%2Fwp%2Fv2%2Fcomments&post=6491"}],"version-history":[{"count":34,"href":"http:\/\/ccvl-france.net\/index.php?rest_route=\/wp\/v2\/pages\/6491\/revisions"}],"predecessor-version":[{"id":7048,"href":"http:\/\/ccvl-france.net\/index.php?rest_route=\/wp\/v2\/pages\/6491\/revisions\/7048"}],"wp:attachment":[{"href":"http:\/\/ccvl-france.net\/index.php?rest_route=%2Fwp%2Fv2%2Fmedia&parent=6491"}],"curies":[{"name":"wp","href":"https:\/\/api.w.org\/{rel}","templated":true}]}}